{"id":33794,"date":"2025-02-24T08:58:41","date_gmt":"2025-02-24T07:58:41","guid":{"rendered":"https:\/\/floatcenterljubljana.si\/?post_type=product&#038;p=33794"},"modified":"2025-04-23T08:52:55","modified_gmt":"2025-04-23T06:52:55","slug":"clanstvo-goldie","status":"publish","type":"product","link":"https:\/\/floatcenterljubljana.si\/en\/izdelek\/clanstvo-goldie\/","title":{"rendered":"Float Klub GOLDIE 90-120 min"},"content":{"rendered":"<ul>\n<li>LEBDENJE <strong>1x NA MESEC<\/strong> \u017dE VKLJU\u010cENO V CENO<\/li>\n<li>DODATNO LEBDENJE DO <strong>3x NA MESEC<\/strong> PO \u010cLANSKI CENI <strong>\u20ac79<\/strong><i><br \/>\n<\/i>(dodatne 3 obiske zakupi\u0161 po \u017eelji tekom meseca)<\/li>\n<\/ul>\n<p>Ob vklju\u010ditvi v Float Klub dobi\u0161 tudi vre\u010dko presene\u010denja! \ud83c\udf0a\ud83c\udf81<\/p>\n<p><span style=\"text-decoration: underline;\">Pogoj za vklju\u010ditev v Float Klub je vezava za 3 mesece.<br \/>\n<\/span><br \/>\nKaj to pomeni? 3 mese\u010dno \u010dlanstvo pla\u010da\u0161 vnaprej ob vklju\u010ditvi, nato pa je pla\u010dilo avtomatsko vsak naslednji mesec na isti dan. Izstop iz Float Kluba je mo\u017een kadarkoli. Dodatni stro\u0161ki ob izstopu ne nastanejo. V kolikor se izstop zgodi znotraj prvih 3 mesecev, izgubi\u0161 mo\u017enost za vra\u010dilo denarja, saj je vstopni pogoj vezava za 3 mesece. Ob prekinitvi \u010dlanstva so tudi vsi obiski, ki so se morebiti akumulirali tekom \u010dlanstva, izgubljeni.<\/p>\n","protected":false},"excerpt":{"rendered":"<p><strong>Goldie<\/strong> \u010dlanstvo v Float Klubu omogo\u010da <strong>mese\u010dno lebdenje 90-120 min<\/strong> po najbolj\u0161i ceni.<\/p>\n<ul>\n<li>1x na mesec lebdenje 90-120 min \u017ee vklju\u010deno v ceno<\/li>\n<li>3x na mesec dodatno lebdenje 90-120 min po \u010dlanski ceni <i>\u00a0\u20ac79<br \/>\n<\/i>(dodatne obiske zakupi\u0161 po \u017eelji tekom meseca)<\/li>\n<\/ul>\n","protected":false},"featured_media":34188,"template":"","meta":[],"product_brand":[],"product_cat":[190,192],"product_tag":[],"giftcard-category":[],"class_list":{"0":"post-33794","1":"product","2":"type-product","3":"status-publish","4":"has-post-thumbnail","6":"product_cat-clanstvo","7":"product_cat-clanstvo-goldie","9":"first","10":"instock","11":"virtual","12":"sold-individually","13":"taxable","14":"purchasable","15":"product-type-subscription"},"aioseo_notices":[],"wcol_rules":[],"_links":{"self":[{"href":"https:\/\/floatcenterljubljana.si\/en\/wp-json\/wp\/v2\/product\/33794","targetHints":{"allow":["GET"]}}],"collection":[{"href":"https:\/\/floatcenterljubljana.si\/en\/wp-json\/wp\/v2\/product"}],"about":[{"href":"https:\/\/floatcenterljubljana.si\/en\/wp-json\/wp\/v2\/types\/product"}],"wp:featuredmedia":[{"embeddable":true,"href":"https:\/\/floatcenterljubljana.si\/en\/wp-json\/wp\/v2\/media\/34188"}],"wp:attachment":[{"href":"https:\/\/floatcenterljubljana.si\/en\/wp-json\/wp\/v2\/media?parent=33794"}],"wp:term":[{"taxonomy":"product_brand","embeddable":true,"href":"https:\/\/floatcenterljubljana.si\/en\/wp-json\/wp\/v2\/product_brand?post=33794"},{"taxonomy":"product_cat","embeddable":true,"href":"https:\/\/floatcenterljubljana.si\/en\/wp-json\/wp\/v2\/product_cat?post=33794"},{"taxonomy":"product_tag","embeddable":true,"href":"https:\/\/floatcenterljubljana.si\/en\/wp-json\/wp\/v2\/product_tag?post=33794"},{"taxonomy":"giftcard-category","embeddable":true,"href":"https:\/\/floatcenterljubljana.si\/en\/wp-json\/wp\/v2\/giftcard-category?post=33794"}],"curies":[{"name":"wp","href":"https:\/\/api.w.org\/{rel}","templated":true}]}}