{"id":45074,"date":"2025-10-27T14:24:02","date_gmt":"2025-10-27T13:24:02","guid":{"rendered":"https:\/\/floatcenterljubljana.si\/?post_type=product&#038;p=45074"},"modified":"2026-01-20T12:16:36","modified_gmt":"2026-01-20T11:16:36","slug":"darilna-kartica","status":"publish","type":"product","link":"https:\/\/floatcenterljubljana.si\/en\/izdelek\/darilna-kartica\/","title":{"rendered":"Darilna kartica"},"content":{"rendered":"<p><b>ELEKTRONSKO darilno kartico<span style=\"text-decoration: underline;\"> sistem avtomatsko po\u0161lje na naveden email\u00a0<\/span><\/b><span style=\"text-decoration: underline;\">takoj po opravljenem pla\u010dilu<b>.<\/b><\/span><\/p>\n<p><strong>Darilno kartico v fizi\u010dni obliki lahko ob predhodni najavi po opravljenem pla\u010dilu prevzame\u0161 pri nas na recepciji.<\/strong><\/p>\n<h5><b>Minimalni znesek je 100 eur.<br \/>\nDarilna kartica velja na vse storitve in nima roka uporabe.<\/b><\/h5>\n","protected":false},"excerpt":{"rendered":"<p>ELEKTRONSKO darilno kartico sistem avtomatsko po\u0161lje na naveden email\u00a0takoj po opravljenem pla\u010dilu. Darilno kartico v fizi\u010dni obliki lahko ob predhodni najavi po opravljenem pla\u010dilu prevzame\u0161 pri nas na recepciji. Minimalni znesek je 100 eur. Darilna kartica velja na vse storitve in nima roka uporabe.<\/p>\n","protected":false},"featured_media":45076,"template":"","meta":[],"product_brand":[],"product_cat":[156],"product_tag":[],"giftcard-category":[],"class_list":{"0":"post-45074","1":"product","2":"type-product","3":"status-publish","4":"has-post-thumbnail","6":"product_cat-darilni-boni","8":"first","9":"instock","10":"virtual","11":"purchasable","12":"product-type-gift-card"},"aioseo_notices":[],"wcol_rules":[],"_links":{"self":[{"href":"https:\/\/floatcenterljubljana.si\/en\/wp-json\/wp\/v2\/product\/45074","targetHints":{"allow":["GET"]}}],"collection":[{"href":"https:\/\/floatcenterljubljana.si\/en\/wp-json\/wp\/v2\/product"}],"about":[{"href":"https:\/\/floatcenterljubljana.si\/en\/wp-json\/wp\/v2\/types\/product"}],"wp:featuredmedia":[{"embeddable":true,"href":"https:\/\/floatcenterljubljana.si\/en\/wp-json\/wp\/v2\/media\/45076"}],"wp:attachment":[{"href":"https:\/\/floatcenterljubljana.si\/en\/wp-json\/wp\/v2\/media?parent=45074"}],"wp:term":[{"taxonomy":"product_brand","embeddable":true,"href":"https:\/\/floatcenterljubljana.si\/en\/wp-json\/wp\/v2\/product_brand?post=45074"},{"taxonomy":"product_cat","embeddable":true,"href":"https:\/\/floatcenterljubljana.si\/en\/wp-json\/wp\/v2\/product_cat?post=45074"},{"taxonomy":"product_tag","embeddable":true,"href":"https:\/\/floatcenterljubljana.si\/en\/wp-json\/wp\/v2\/product_tag?post=45074"},{"taxonomy":"giftcard-category","embeddable":true,"href":"https:\/\/floatcenterljubljana.si\/en\/wp-json\/wp\/v2\/giftcard-category?post=45074"}],"curies":[{"name":"wp","href":"https:\/\/api.w.org\/{rel}","templated":true}]}}